{"id":834,"date":"2024-07-13T03:18:53","date_gmt":"2024-07-13T03:18:53","guid":{"rendered":"https:\/\/drjuliovazqueztechdesign.com\/?page_id=834"},"modified":"2024-08-24T15:40:23","modified_gmt":"2024-08-24T15:40:23","slug":"contacto","status":"publish","type":"page","link":"https:\/\/drjuliovazqueztechdesign.com\/en\/contacto\/","title":{"rendered":"Contact"},"content":{"rendered":"<div class=\"wp-block-stackable-columns alignwide stk-block-columns stk-block stk-247f1d3\" data-block-id=\"247f1d3\"><div class=\"stk-row stk-inner-blocks stk-block-content stk-content-align stk-247f1d3-column\">\n<div class=\"wp-block-stackable-column stk-block-column stk-column stk-block stk-7f873d8\" data-v=\"4\" data-block-id=\"7f873d8\"><style>.stk-7f873d8-inner-blocks{justify-content:center !important}.stk-7f873d8-container{display:flex !important}@media screen and (min-width:768px){.stk-7f873d8{flex:var(--stk-flex-grow,1) 1 calc(40% - var(--stk-column-gap,0px) * 1 \/ 2 ) !important}}<\/style><div class=\"stk-column-wrapper stk-block-column__content stk-container stk-7f873d8-container stk--no-background stk--no-padding\"><div class=\"stk-block-content stk-inner-blocks stk-7f873d8-inner-blocks\">\n<div class=\"wp-block-stackable-heading stk-block-heading stk-block-heading--v2 stk-block stk-c10d510\" id=\"trabajemos-juntos\" data-block-id=\"c10d510\"><h2 class=\"stk-block-heading__text\">Let's work together!<\/h2><\/div>\n\n\n\n<div class=\"wp-block-stackable-text stk-block-text stk-block stk-ba625db\" data-block-id=\"ba625db\"><p class=\"stk-block-text__text has-text-align-justify\">I work with a proactive, professional, ethical, and transparent approach, ensuring that each project is executed with the utmost efficiency and excellence.<br><br>If you are looking for an expert solution that will drive your business development and increase your revenue, <strong>don't hesitate to contact me!<\/strong><br><br>I will be committed to the success and growth of your company. <br><br>Let's talk and build the future of your company together. <strong>I am ready to help you!<\/strong><\/p><\/div>\n<\/div><\/div><\/div>\n\n\n\n<div class=\"wp-block-stackable-column stk-block-column stk-column stk-block stk-6f4f4a1\" data-v=\"4\" data-block-id=\"6f4f4a1\"><style>@media screen and (min-width:768px){.stk-6f4f4a1{flex:var(--stk-flex-grow,1) 1 calc(60% - var(--stk-column-gap,0px) * 1 \/ 2 ) !important}}<\/style><div class=\"stk-column-wrapper stk-block-column__content stk-container stk-6f4f4a1-container stk--no-background stk--no-padding\"><div class=\"stk-block-content stk-inner-blocks stk-6f4f4a1-inner-blocks\">\n<div class=\"wp-block-stackable-columns stk-block-columns stk-block stk-b3c4269\" data-block-id=\"b3c4269\"><div class=\"stk-row stk-inner-blocks stk-block-content stk-content-align stk-b3c4269-column\">\n<div class=\"wp-block-stackable-column stk-block-column stk-column stk-block stk-83863c5\" data-v=\"4\" data-block-id=\"83863c5\"><div class=\"stk-column-wrapper stk-block-column__content stk-container stk-83863c5-container stk--no-background stk--no-padding\"><div class=\"stk-block-content stk-inner-blocks stk-83863c5-inner-blocks\">\n<div class=\"wp-block-stackable-card stk-block-card stk-block stk-6f9a700 is-style-default\" data-v=\"2\" data-block-id=\"6f9a700\"><div class=\"stk--no-padding stk-container stk-6f9a700-container stk-hover-parent\"><figure class=\"stk-block-card__image stk-img-wrapper stk-image--shape-stretch\"><img loading=\"lazy\" decoding=\"async\" class=\"stk-img wp-image-1060\" src=\"https:\/\/drjuliovazqueztechdesign.com\/wp-content\/uploads\/2024\/07\/pexels-pavel-danilyuk-5520322-scaled.jpg\" width=\"2560\" height=\"1707\" srcset=\"https:\/\/drjuliovazqueztechdesign.com\/wp-content\/uploads\/2024\/07\/pexels-pavel-danilyuk-5520322-scaled.jpg 2560w, https:\/\/drjuliovazqueztechdesign.com\/wp-content\/uploads\/2024\/07\/pexels-pavel-danilyuk-5520322-300x200.jpg 300w, https:\/\/drjuliovazqueztechdesign.com\/wp-content\/uploads\/2024\/07\/pexels-pavel-danilyuk-5520322-1024x683.jpg 1024w, https:\/\/drjuliovazqueztechdesign.com\/wp-content\/uploads\/2024\/07\/pexels-pavel-danilyuk-5520322-768x512.jpg 768w, https:\/\/drjuliovazqueztechdesign.com\/wp-content\/uploads\/2024\/07\/pexels-pavel-danilyuk-5520322-1536x1024.jpg 1536w, https:\/\/drjuliovazqueztechdesign.com\/wp-content\/uploads\/2024\/07\/pexels-pavel-danilyuk-5520322-2048x1365.jpg 2048w\" sizes=\"auto, (max-width: 2560px) 100vw, 2560px\" \/><\/figure><div class=\"stk-container-padding stk-block-card__content\"><div class=\"stk-block-content stk-inner-blocks has-text-align-center stk-6f9a700-inner-blocks\">\n<div class=\"wp-block-stackable-heading stk-block-heading stk-block-heading--v2 stk-block stk-03806f3\" id=\"contactame\" data-block-id=\"03806f3\"><h3 class=\"stk-block-heading__text\">Contact me<\/h3><\/div>\n\n\n\n<div class=\"wp-block-stackable-icon-label stk-block-icon-label stk-block stk-8ef08ff\" data-block-id=\"8ef08ff\"><div class=\"stk-row stk-inner-blocks stk-block-content\">\n<div class=\"wp-block-stackable-icon stk-block-icon has-text-align-left stk-block stk-8db06f1\" data-block-id=\"8db06f1\"><span class=\"stk--svg-wrapper\"><div class=\"stk--inner-svg\"><svg style=\"height:0;width:0\"><defs><lineargradient id=\"linear-gradient-8db06f1\" x1=\"0\" x2=\"100%\" y1=\"0\" y2=\"0\"><stop offset=\"0%\" style=\"stop-opacity:1;stop-color:var(--linear-gradient-8-db-06-f-1-color-1)\"><\/stop><stop offset=\"100%\" style=\"stop-opacity:1;stop-color:var(--linear-gradient-8-db-06-f-1-color-2)\"><\/stop><\/lineargradient><\/defs><\/svg><svg xmlns=\"http:\/\/www.w3.org\/2000\/svg\" viewbox=\"0 0 384 512\" aria-hidden=\"true\" width=\"32\" height=\"32\"><path d=\"M215.7 499.2C267 435 384 279.4 384 192C384 86 298 0 192 0S0 86 0 192c0 87.4 117 243 168.3 307.2c12.3 15.3 35.1 15.3 47.4 0zM192 128a64 64 0 1 1 0 128 64 64 0 1 1 0-128z\"><\/path><\/svg><\/div><\/span><\/div>\n\n\n\n<div class=\"wp-block-stackable-heading stk-block-heading stk-block-heading--v2 stk-block stk-73f7cc9\" id=\"puebla-puebla-mexico\" data-block-id=\"73f7cc9\"><h4 class=\"stk-block-heading__text\">Puebla, Puebla, M\u00e9xico<\/h4><\/div>\n<\/div><\/div>\n\n\n\n<div class=\"wp-block-stackable-icon-label stk-block-icon-label stk-block stk-ee9ee8a\" data-block-id=\"ee9ee8a\"><div class=\"stk-row stk-inner-blocks stk-block-content\">\n<div class=\"wp-block-stackable-icon stk-block-icon has-text-align-left stk-block stk-fc24f2a\" data-block-id=\"fc24f2a\"><span class=\"stk--svg-wrapper\"><div class=\"stk--inner-svg\"><svg style=\"height:0;width:0\"><defs><lineargradient id=\"linear-gradient-fc24f2a\" x1=\"0\" x2=\"100%\" y1=\"0\" y2=\"0\"><stop offset=\"0%\" style=\"stop-opacity:1;stop-color:var(--linear-gradient-fc-24-f-2-a-color-1)\"><\/stop><stop offset=\"100%\" style=\"stop-opacity:1;stop-color:var(--linear-gradient-fc-24-f-2-a-color-2)\"><\/stop><\/lineargradient><\/defs><\/svg><svg xmlns=\"http:\/\/www.w3.org\/2000\/svg\" viewbox=\"0 0 512 512\" aria-hidden=\"true\" width=\"32\" height=\"32\"><path d=\"M164.9 24.6c-7.7-18.6-28-28.5-47.4-23.2l-88 24C12.1 30.2 0 46 0 64C0 311.4 200.6 512 448 512c18 0 33.8-12.1 38.6-29.5l24-88c5.3-19.4-4.6-39.7-23.2-47.4l-96-40c-16.3-6.8-35.2-2.1-46.3 11.6L304.7 368C234.3 334.7 177.3 277.7 144 207.3L193.3 167c13.7-11.2 18.4-30 11.6-46.3l-40-96z\"><\/path><\/svg><\/div><\/span><\/div>\n\n\n\n<div class=\"wp-block-stackable-heading stk-block-heading stk-block-heading--v2 stk-block stk-6a1e358\" id=\"52-221-822-7778\" data-block-id=\"6a1e358\"><h4 class=\"stk-block-heading__text\">+52 221 822 7778<\/h4><\/div>\n<\/div><\/div>\n\n\n\n<div class=\"wp-block-stackable-icon-label stk-block-icon-label stk-block stk-ee219cd\" data-block-id=\"ee219cd\"><div class=\"stk-row stk-inner-blocks stk-block-content\">\n<div class=\"wp-block-stackable-icon stk-block-icon has-text-align-left stk-block stk-d7fa0bb\" data-block-id=\"d7fa0bb\"><span class=\"stk--svg-wrapper\"><div class=\"stk--inner-svg\"><svg style=\"height:0;width:0\"><defs><lineargradient id=\"linear-gradient-d7fa0bb\" x1=\"0\" x2=\"100%\" y1=\"0\" y2=\"0\"><stop offset=\"0%\" style=\"stop-opacity:1;stop-color:var(--linear-gradient-d-7-fa-0-bb-color-1)\"><\/stop><stop offset=\"100%\" style=\"stop-opacity:1;stop-color:var(--linear-gradient-d-7-fa-0-bb-color-2)\"><\/stop><\/lineargradient><\/defs><\/svg><svg xmlns=\"http:\/\/www.w3.org\/2000\/svg\" viewbox=\"0 0 448 512\" aria-hidden=\"true\" width=\"32\" height=\"32\"><path d=\"M64 32C28.7 32 0 60.7 0 96V416c0 35.3 28.7 64 64 64H384c35.3 0 64-28.7 64-64V96c0-35.3-28.7-64-64-64H64zM218 271.7L64.2 172.4C66 156.4 79.5 144 96 144H352c16.5 0 30 12.4 31.8 28.4L230 271.7c-1.8 1.2-3.9 1.8-6 1.8s-4.2-.6-6-1.8zm29.4 26.9L384 210.4V336c0 17.7-14.3 32-32 32H96c-17.7 0-32-14.3-32-32V210.4l136.6 88.2c7 4.5 15.1 6.9 23.4 6.9s16.4-2.4 23.4-6.9z\"><\/path><\/svg><\/div><\/span><\/div>\n\n\n\n<div class=\"wp-block-stackable-heading stk-block-heading stk-block-heading--v2 stk-block stk-226b67c\" id=\"contact-drjuliovazqueztechdesign-com\" data-block-id=\"226b67c\"><h4 class=\"stk-block-heading__text\">contact@drjuliovazqueztechdesign.com<\/h4><\/div>\n<\/div><\/div>\n\n\n\n<div class=\"wp-block-stackable-button-group stk-block-button-group stk-block stk-717a79e\" data-block-id=\"717a79e\"><div class=\"stk-row stk-inner-blocks stk-block-content stk-button-group\">\n<div class=\"wp-block-stackable-icon-button stk-block-icon-button stk-block stk-cd496ce\" data-block-id=\"cd496ce\"><style>.stk-cd496ce{min-height:0px !important;margin-left:3px !important}<\/style><a class=\"stk-link stk-button stk--hover-effect-darken\" href=\"https:\/\/www.linkedin.com\/in\/julio-c%C3%A9sar-v%C3%A1zquez-hern%C3%A1ndez-72b16619\/\" target=\"_blank\" rel=\"noreferrer noopener\"><span class=\"stk--svg-wrapper\"><div class=\"stk--inner-svg\"><svg xmlns=\"http:\/\/www.w3.org\/2000\/svg\" viewbox=\"0 0 448 512\" aria-hidden=\"true\" width=\"32\" height=\"32\"><path d=\"M416 32H31.9C14.3 32 0 46.5 0 64.3v383.4C0 465.5 14.3 480 31.9 480H416c17.6 0 32-14.5 32-32.3V64.3c0-17.8-14.4-32.3-32-32.3zM135.4 416H69V202.2h66.5V416zm-33.2-243c-21.3 0-38.5-17.3-38.5-38.5S80.9 96 102.2 96c21.2 0 38.5 17.3 38.5 38.5 0 21.3-17.2 38.5-38.5 38.5zm282.1 243h-66.4V312c0-24.8-.5-56.7-34.5-56.7-34.6 0-39.9 27-39.9 54.9V416h-66.4V202.2h63.7v29.2h.9c8.9-16.8 30.6-34.5 62.9-34.5 67.2 0 79.7 44.3 79.7 101.9V416z\"><\/path><\/svg><\/div><\/span><\/a><\/div>\n<\/div><\/div>\n<\/div><\/div><\/div><\/div>\n<\/div><\/div><\/div>\n<\/div><\/div>\n<\/div><\/div><\/div>\n<\/div><\/div>\n\n\n\n<div class=\"wp-block-stackable-text stk-block-text stk-block stk-f5daeb5\" data-block-id=\"f5daeb5\"><style>.stk-f5daeb5 .stk-block-text__text{font-size:32px !important}@media screen and (max-width:1023px){.stk-f5daeb5 .stk-block-text__text{font-size:32px !important}}<\/style><p class=\"stk-block-text__text has-text-align-center\"><strong>Send me a comment or message<\/strong><\/p><\/div>\n\n\n\n<div class=\"wp-block-stackable-columns stk-block-columns stk-block stk-9ecadd0\" data-block-id=\"9ecadd0\"><div class=\"stk-row stk-inner-blocks stk-block-content stk-content-align stk-9ecadd0-column\">\n<div class=\"wp-block-stackable-column stk-block-column stk-column stk-block stk-d6b06ea\" data-v=\"4\" data-block-id=\"d6b06ea\"><div class=\"stk-column-wrapper stk-block-column__content stk-container stk-d6b06ea-container stk--no-background stk--no-padding\"><div class=\"stk-block-content stk-inner-blocks stk-d6b06ea-inner-blocks\"><div class=\"wpforms-container wpforms-block wpforms-block-75b7d5f0-8739-4e67-8049-d30004eaaf7c\" id=\"wpforms-1064\"><form id=\"wpforms-form-1064\" class=\"wpforms-validate wpforms-form wpforms-ajax-form\" data-formid=\"1064\" method=\"post\" enctype=\"multipart\/form-data\" action=\"\/en\/wp-json\/wp\/v2\/pages\/834\" data-token=\"3188f7217b5eb9b825462317c37fab7d\" data-token-time=\"1777399205\" data-trp-original-action=\"\/en\/wp-json\/wp\/v2\/pages\/834\"><noscript class=\"wpforms-error-noscript\">Please enable JavaScript in your browser to complete this form.<\/noscript><div class=\"wpforms-field-container\"><div id=\"wpforms-1064-field_0-container\" class=\"wpforms-field wpforms-field-name\" data-field-id=\"0\"><label class=\"wpforms-field-label\" for=\"wpforms-1064-field_0\">Name <span class=\"wpforms-required-label\">*<\/span><\/label><div class=\"wpforms-field-row wpforms-field-medium\"><div class=\"wpforms-field-row-block wpforms-first wpforms-one-half\"><input type=\"text\" id=\"wpforms-1064-field_0\" class=\"wpforms-field-name-first wpforms-field-required\" name=\"wpforms[fields][0][first]\" required><label for=\"wpforms-1064-field_0\" class=\"wpforms-field-sublabel after\">First<\/label><\/div><div class=\"wpforms-field-row-block wpforms-one-half\"><input type=\"text\" id=\"wpforms-1064-field_0-last\" class=\"wpforms-field-name-last wpforms-field-required\" name=\"wpforms[fields][0][last]\" required><label for=\"wpforms-1064-field_0-last\" class=\"wpforms-field-sublabel after\">Last<\/label><\/div><\/div><\/div><div id=\"wpforms-1064-field_1-container\" class=\"wpforms-field wpforms-field-email\" data-field-id=\"1\"><label class=\"wpforms-field-label\" for=\"wpforms-1064-field_1\">e-mail <span class=\"wpforms-required-label\">*<\/span><\/label><input type=\"email\" id=\"wpforms-1064-field_1\" class=\"wpforms-field-medium wpforms-field-required\" name=\"wpforms[fields][1]\" spellcheck=\"false\" required><\/div><div id=\"wpforms-1064-field_3-container\" class=\"wpforms-field wpforms-field-text\" data-field-id=\"3\"><label class=\"wpforms-field-label\" for=\"wpforms-1064-field_3\">Whatsapp<\/label><input type=\"text\" id=\"wpforms-1064-field_3\" class=\"wpforms-field-medium\" name=\"wpforms[fields][3]\" ><\/div><div id=\"wpforms-1064-field_2-container\" class=\"wpforms-field wpforms-field-textarea\" data-field-id=\"2\"><label class=\"wpforms-field-label\" for=\"wpforms-1064-field_2\">Comment or message <span class=\"wpforms-required-label\">*<\/span><\/label><textarea id=\"wpforms-1064-field_2\" class=\"wpforms-field-medium wpforms-field-required\" name=\"wpforms[fields][2]\" required><\/textarea><\/div><\/div><!-- .wpforms-field-container --><div class=\"wpforms-submit-container\" ><input type=\"hidden\" name=\"wpforms[id]\" value=\"1064\"><input type=\"hidden\" name=\"page_title\" value=\"\"><input type=\"hidden\" name=\"page_url\" value=\"https:\/\/drjuliovazqueztechdesign.com\/en\/wp-json\/wp\/v2\/pages\/834\"><button type=\"submit\" name=\"wpforms[submit]\" id=\"wpforms-submit-1064\" class=\"wpforms-submit\" data-alt-text=\"Enviando...\" data-submit-text=\"Enviar\" aria-live=\"assertive\" value=\"wpforms-submit\">Send<\/button><img loading=\"lazy\" decoding=\"async\" src=\"https:\/\/drjuliovazqueztechdesign.com\/wp-content\/plugins\/wpforms-lite\/assets\/images\/submit-spin.svg\" class=\"wpforms-submit-spinner\" style=\"display: none;\" width=\"26\" height=\"26\" alt=\"Loading\"><\/div><input type=\"hidden\" name=\"trp-form-language\" value=\"en\"\/><\/form><\/div>  <!-- .wpforms-container --><\/div><\/div><\/div>\n<\/div><\/div>","protected":false},"excerpt":{"rendered":"<p>Trabajemos juntos! Trabajo con un enfoque proactivo, profesional, \u00e9tico y transparente, asegurando que cada proyecto se ejecute con la m\u00e1xima eficiencia y excelencia. Si buscas una soluci\u00f3n experta que impulse tu desarrollo empresarial y aumente tus ingresos, \u00a1no dudes en contactarme! Estar\u00e9 comprometido con el \u00e9xito y crecimiento de tu empresa. Hablemos y construyamos juntos [&hellip;]<\/p>","protected":false},"author":1,"featured_media":0,"parent":0,"menu_order":0,"comment_status":"closed","ping_status":"closed","template":"","meta":{"om_disable_all_campaigns":false,"_uag_custom_page_level_css":"","_monsterinsights_skip_tracking":false,"_monsterinsights_sitenote_active":false,"_monsterinsights_sitenote_note":"","_monsterinsights_sitenote_category":0,"_uf_show_specific_survey":0,"_uf_disable_surveys":false,"footnotes":""},"class_list":["post-834","page","type-page","status-publish","hentry"],"blocksy_meta":{"has_hero_section":"disabled","styles_descriptor":{"styles":{"desktop":"","tablet":"","mobile":""},"google_fonts":[],"version":6}},"aioseo_notices":[],"uagb_featured_image_src":{"full":false,"thumbnail":false,"medium":false,"medium_large":false,"large":false,"1536x1536":false,"2048x2048":false,"trp-custom-language-flag":false},"uagb_author_info":{"display_name":"drjuliovazqueztechdesign.com","author_link":"https:\/\/drjuliovazqueztechdesign.com\/en\/author\/drjuliovazqueztechdesign-com\/"},"uagb_comment_info":0,"uagb_excerpt":"Trabajemos juntos! Trabajo con un enfoque proactivo, profesional, \u00e9tico y transparente, asegurando que cada proyecto se ejecute con la m\u00e1xima eficiencia y excelencia. Si buscas una soluci\u00f3n experta que impulse tu desarrollo empresarial y aumente tus ingresos, \u00a1no dudes en contactarme! Estar\u00e9 comprometido con el \u00e9xito y crecimiento de tu empresa. Hablemos y construyamos juntos&hellip;","_links":{"self":[{"href":"https:\/\/drjuliovazqueztechdesign.com\/en\/wp-json\/wp\/v2\/pages\/834","targetHints":{"allow":["GET"]}}],"collection":[{"href":"https:\/\/drjuliovazqueztechdesign.com\/en\/wp-json\/wp\/v2\/pages"}],"about":[{"href":"https:\/\/drjuliovazqueztechdesign.com\/en\/wp-json\/wp\/v2\/types\/page"}],"author":[{"embeddable":true,"href":"https:\/\/drjuliovazqueztechdesign.com\/en\/wp-json\/wp\/v2\/users\/1"}],"replies":[{"embeddable":true,"href":"https:\/\/drjuliovazqueztechdesign.com\/en\/wp-json\/wp\/v2\/comments?post=834"}],"version-history":[{"count":16,"href":"https:\/\/drjuliovazqueztechdesign.com\/en\/wp-json\/wp\/v2\/pages\/834\/revisions"}],"predecessor-version":[{"id":1170,"href":"https:\/\/drjuliovazqueztechdesign.com\/en\/wp-json\/wp\/v2\/pages\/834\/revisions\/1170"}],"wp:attachment":[{"href":"https:\/\/drjuliovazqueztechdesign.com\/en\/wp-json\/wp\/v2\/media?parent=834"}],"curies":[{"name":"wp","href":"https:\/\/api.w.org\/{rel}","templated":true}]}}